{"id":235,"date":"2020-04-05T19:01:27","date_gmt":"2020-04-05T19:01:27","guid":{"rendered":"http:\/\/15856601555322.sritis.lt\/?page_id=235"},"modified":"2020-04-16T18:05:14","modified_gmt":"2020-04-16T18:05:14","slug":"linas-kavoliunas","status":"publish","type":"page","link":"https:\/\/svyti.lt\/index.php\/linas-kavoliunas\/","title":{"rendered":"Linas Kavoli\u016bnas"},"content":{"rendered":"\t\t<div data-elementor-type=\"wp-page\" data-elementor-id=\"235\" class=\"elementor elementor-235\" data-elementor-post-type=\"page\">\n\t\t\t\t\t\t<section class=\"elementor-section elementor-top-section elementor-element elementor-element-3164f129 elementor-section-boxed elementor-section-height-default elementor-section-height-default\" data-id=\"3164f129\" data-element_type=\"section\">\n\t\t\t\t\t\t<div class=\"elementor-container elementor-column-gap-no\">\n\t\t\t\t\t<div class=\"elementor-column elementor-col-50 elementor-top-column elementor-element elementor-element-7dfda4ed\" data-id=\"7dfda4ed\" data-element_type=\"column\">\n\t\t\t<div class=\"elementor-widget-wrap elementor-element-populated\">\n\t\t\t\t\t\t<div class=\"elementor-element elementor-element-68881e72 elementor-widget elementor-widget-image\" data-id=\"68881e72\" data-element_type=\"widget\" data-widget_type=\"image.default\">\n\t\t\t\t<div class=\"elementor-widget-container\">\n\t\t\t<style>\/*! elementor - v3.23.0 - 05-08-2024 *\/\n.elementor-widget-image{text-align:center}.elementor-widget-image a{display:inline-block}.elementor-widget-image a img[src$=\".svg\"]{width:48px}.elementor-widget-image img{vertical-align:middle;display:inline-block}<\/style>\t\t\t\t\t\t\t\t\t\t<img fetchpriority=\"high\" decoding=\"async\" width=\"1690\" height=\"2560\" src=\"https:\/\/svyti.lt\/wp-content\/uploads\/2020\/04\/Asmeninis-Linas-scaled.jpg\" class=\"attachment-full size-full wp-image-225\" alt=\"gyd. Linas Kavoli\u016bnas\" srcset=\"https:\/\/svyti.lt\/wp-content\/uploads\/2020\/04\/Asmeninis-Linas-scaled.jpg 1690w, https:\/\/svyti.lt\/wp-content\/uploads\/2020\/04\/Asmeninis-Linas-198x300.jpg 198w, https:\/\/svyti.lt\/wp-content\/uploads\/2020\/04\/Asmeninis-Linas-676x1024.jpg 676w, https:\/\/svyti.lt\/wp-content\/uploads\/2020\/04\/Asmeninis-Linas-768x1163.jpg 768w, https:\/\/svyti.lt\/wp-content\/uploads\/2020\/04\/Asmeninis-Linas-1014x1536.jpg 1014w, https:\/\/svyti.lt\/wp-content\/uploads\/2020\/04\/Asmeninis-Linas-1352x2048.jpg 1352w\" sizes=\"(max-width: 1690px) 100vw, 1690px\" \/>\t\t\t\t\t\t\t\t\t\t\t\t\t<\/div>\n\t\t\t\t<\/div>\n\t\t\t\t\t<\/div>\n\t\t<\/div>\n\t\t\t\t<div class=\"elementor-column elementor-col-50 elementor-top-column elementor-element elementor-element-204cafc\" data-id=\"204cafc\" data-element_type=\"column\" data-settings=\"{&quot;background_background&quot;:&quot;classic&quot;}\">\n\t\t\t<div class=\"elementor-widget-wrap elementor-element-populated\">\n\t\t\t\t\t\t<div class=\"elementor-element elementor-element-3d95084 elementor-widget elementor-widget-heading\" data-id=\"3d95084\" data-element_type=\"widget\" data-widget_type=\"heading.default\">\n\t\t\t\t<div class=\"elementor-widget-container\">\n\t\t\t<style>\/*! elementor - v3.23.0 - 05-08-2024 *\/\n.elementor-heading-title{padding:0;margin:0;line-height:1}.elementor-widget-heading .elementor-heading-title[class*=elementor-size-]>a{color:inherit;font-size:inherit;line-height:inherit}.elementor-widget-heading .elementor-heading-title.elementor-size-small{font-size:15px}.elementor-widget-heading .elementor-heading-title.elementor-size-medium{font-size:19px}.elementor-widget-heading .elementor-heading-title.elementor-size-large{font-size:29px}.elementor-widget-heading .elementor-heading-title.elementor-size-xl{font-size:39px}.elementor-widget-heading .elementor-heading-title.elementor-size-xxl{font-size:59px}<\/style><h1 class=\"elementor-heading-title elementor-size-large\">gyd. Linas Kavoli\u016bnas<\/h1>\t\t<\/div>\n\t\t\t\t<\/div>\n\t\t\t\t<div class=\"elementor-element elementor-element-3d4cb041 elementor-widget elementor-widget-heading\" data-id=\"3d4cb041\" data-element_type=\"widget\" data-widget_type=\"heading.default\">\n\t\t\t\t<div class=\"elementor-widget-container\">\n\t\t\t<h3 class=\"elementor-heading-title elementor-size-large\">odontologas<\/h3>\t\t<\/div>\n\t\t\t\t<\/div>\n\t\t\t\t<section class=\"elementor-section elementor-inner-section elementor-element elementor-element-59895936 elementor-reverse-mobile elementor-section-boxed elementor-section-height-default elementor-section-height-default\" data-id=\"59895936\" data-element_type=\"section\">\n\t\t\t\t\t\t<div class=\"elementor-container elementor-column-gap-default\">\n\t\t\t\t\t<div class=\"elementor-column elementor-col-100 elementor-inner-column elementor-element elementor-element-3aa13cf6\" data-id=\"3aa13cf6\" data-element_type=\"column\" data-settings=\"{&quot;background_background&quot;:&quot;classic&quot;}\">\n\t\t\t<div class=\"elementor-widget-wrap elementor-element-populated\">\n\t\t\t\t\t\t<div class=\"elementor-element elementor-element-57fd2c42 elementor-widget elementor-widget-text-editor\" data-id=\"57fd2c42\" data-element_type=\"widget\" data-widget_type=\"text-editor.default\">\n\t\t\t\t<div class=\"elementor-widget-container\">\n\t\t\t<style>\/*! elementor - v3.23.0 - 05-08-2024 *\/\n.elementor-widget-text-editor.elementor-drop-cap-view-stacked .elementor-drop-cap{background-color:#69727d;color:#fff}.elementor-widget-text-editor.elementor-drop-cap-view-framed .elementor-drop-cap{color:#69727d;border:3px solid;background-color:transparent}.elementor-widget-text-editor:not(.elementor-drop-cap-view-default) .elementor-drop-cap{margin-top:8px}.elementor-widget-text-editor:not(.elementor-drop-cap-view-default) .elementor-drop-cap-letter{width:1em;height:1em}.elementor-widget-text-editor .elementor-drop-cap{float:left;text-align:center;line-height:1;font-size:50px}.elementor-widget-text-editor .elementor-drop-cap-letter{display:inline-block}<\/style>\t\t\t\t<p>\u00a02002 m. baigiau Kauno Medicinos Universiteto (dabartinio Kauno Sveikatos Moksl\u0173 Universito) odontologijos fakultet\u0105 ir gavau gydytojo odontologo diplom\u0105.<\/p><p>\u00a02002-2003m.\u00a0 Klaip\u0117dos miesto Stomatologin\u0117je poliklinikoje atlikau pirmin\u0119 rezident\u016br\u0105 ir man buvo suteikta gydytojo odontologo licencija.<\/p><p>\u00a02003-2004m. dirbau gydytoju odontologu klinikoje \u201eDanta\u201c ir Klaip\u0117dos vaik\u0173 ligonin\u0117je, kur atlikau vaik\u0173 burnos ertm\u0117s sanacijas bendrin\u0117je nejautroje.<\/p><p>\u00a0Nuo 2004 m. iki 2020 m. toliau dirbau savo m\u0117gstam\u0105 darb\u0105, tobulinau \u012fg\u016bd\u017eius dant\u0173 protezavimo ir implantacijos srityse odontologijos centre \u201eLela\u201c.<\/p><p>\u00a0Planuodamas ir atlikdamas gydym\u0105 laikausi minimaliai invazini\u0173 dant\u0173 gydymo ir protezavimo princip\u0173 bei stengiuosi pasiekti maksimaliai esteti\u0161kus rezultatus. Tobulinu savo \u017einias ir praktinius \u012fg\u016bd\u017eius dalyvaudamas \u012fvairiuose teoriniuose ir praktiniuose kursuose Lietuvoje, Europoje ir JAV.<\/p><p>\u00a0Esu Lietuvos odontolog\u0173 r\u016bm\u0173, Lietuvos odontolog\u0173 ortoped\u0173 draugijos, \u201eEuropean Prosthodontic Association\u201c narys.<\/p>\t\t\t\t\t\t<\/div>\n\t\t\t\t<\/div>\n\t\t\t\t\t<\/div>\n\t\t<\/div>\n\t\t\t\t\t<\/div>\n\t\t<\/section>\n\t\t\t\t\t<\/div>\n\t\t<\/div>\n\t\t\t\t\t<\/div>\n\t\t<\/section>\n\t\t\t\t<\/div>\n\t\t","protected":false},"excerpt":{"rendered":"<p>gyd. Linas Kavoli\u016bnas odontologas &nbsp;2002 m. baigiau Kauno Medicinos Universiteto (dabartinio Kauno Sveikatos Moksl\u0173 Universito) odontologijos fakultet\u0105 ir gavau gydytojo odontologo diplom\u0105. &nbsp;2002-2003m.&nbsp; Klaip\u0117dos miesto Stomatologin\u0117je poliklinikoje atlikau pirmin\u0119 rezident\u016br\u0105 ir man buvo suteikta gydytojo odontologo licencija. &nbsp;2003-2004m. dirbau gydytoju odontologu klinikoje \u201eDanta\u201c ir Klaip\u0117dos vaik\u0173 ligonin\u0117je, kur atlikau vaik\u0173 burnos ertm\u0117s sanacijas bendrin\u0117je nejautroje. [&hellip;]<\/p>\n","protected":false},"author":1,"featured_media":0,"parent":0,"menu_order":0,"comment_status":"closed","ping_status":"closed","template":"elementor_header_footer","meta":{"footnotes":""},"class_list":["post-235","page","type-page","status-publish","hentry"],"yoast_head":"<!-- This site is optimized with the Yoast SEO plugin v23.3 - https:\/\/yoast.com\/wordpress\/plugins\/seo\/ -->\n<title>Linas Kavoli\u016bnas &#8226; Odontologijos klinika &quot;\u0160vyti&quot;<\/title>\n<meta name=\"description\" content=\"Gydytojas odontologas Linas Kavoli\u016bnas, odontologijos paslaugos Klaip\u0117doje\" \/>\n<meta name=\"robots\" content=\"index, follow, max-snippet:-1, max-image-preview:large, max-video-preview:-1\" \/>\n<link rel=\"canonical\" href=\"https:\/\/svyti.lt\/index.php\/linas-kavoliunas\/\" \/>\n<meta property=\"og:locale\" content=\"lt_LT\" \/>\n<meta property=\"og:type\" content=\"article\" \/>\n<meta property=\"og:title\" content=\"Linas Kavoli\u016bnas &#8226; Odontologijos klinika &quot;\u0160vyti&quot;\" \/>\n<meta property=\"og:description\" content=\"Gydytojas odontologas Linas Kavoli\u016bnas, odontologijos paslaugos Klaip\u0117doje\" \/>\n<meta property=\"og:url\" content=\"https:\/\/svyti.lt\/index.php\/linas-kavoliunas\/\" \/>\n<meta property=\"og:site_name\" content=\"Odontologijos klinika &quot;\u0160vyti&quot;\" \/>\n<meta property=\"article:publisher\" content=\"https:\/\/www.facebook.com\/SVYTIKLINIKA\/\" \/>\n<meta property=\"article:modified_time\" content=\"2020-04-16T18:05:14+00:00\" \/>\n<meta property=\"og:image\" content=\"http:\/\/svyti.lt\/wp-content\/uploads\/2020\/04\/Asmeninis-Linas-scaled.jpg\" \/>\n<meta name=\"twitter:card\" content=\"summary_large_image\" \/>\n<meta name=\"twitter:label1\" content=\"Est. reading time\" \/>\n\t<meta name=\"twitter:data1\" content=\"1 minut\u0117\" \/>\n<script type=\"application\/ld+json\" class=\"yoast-schema-graph\">{\"@context\":\"https:\/\/schema.org\",\"@graph\":[{\"@type\":\"WebPage\",\"@id\":\"https:\/\/svyti.lt\/index.php\/linas-kavoliunas\/\",\"url\":\"https:\/\/svyti.lt\/index.php\/linas-kavoliunas\/\",\"name\":\"Linas Kavoli\u016bnas &#8226; Odontologijos klinika &quot;\u0160vyti&quot;\",\"isPartOf\":{\"@id\":\"https:\/\/svyti.lt\/#website\"},\"primaryImageOfPage\":{\"@id\":\"https:\/\/svyti.lt\/index.php\/linas-kavoliunas\/#primaryimage\"},\"image\":{\"@id\":\"https:\/\/svyti.lt\/index.php\/linas-kavoliunas\/#primaryimage\"},\"thumbnailUrl\":\"http:\/\/svyti.lt\/wp-content\/uploads\/2020\/04\/Asmeninis-Linas-scaled.jpg\",\"datePublished\":\"2020-04-05T19:01:27+00:00\",\"dateModified\":\"2020-04-16T18:05:14+00:00\",\"description\":\"Gydytojas odontologas Linas Kavoli\u016bnas, odontologijos paslaugos Klaip\u0117doje\",\"breadcrumb\":{\"@id\":\"https:\/\/svyti.lt\/index.php\/linas-kavoliunas\/#breadcrumb\"},\"inLanguage\":\"lt-LT\",\"potentialAction\":[{\"@type\":\"ReadAction\",\"target\":[\"https:\/\/svyti.lt\/index.php\/linas-kavoliunas\/\"]}]},{\"@type\":\"ImageObject\",\"inLanguage\":\"lt-LT\",\"@id\":\"https:\/\/svyti.lt\/index.php\/linas-kavoliunas\/#primaryimage\",\"url\":\"http:\/\/svyti.lt\/wp-content\/uploads\/2020\/04\/Asmeninis-Linas-scaled.jpg\",\"contentUrl\":\"http:\/\/svyti.lt\/wp-content\/uploads\/2020\/04\/Asmeninis-Linas-scaled.jpg\"},{\"@type\":\"BreadcrumbList\",\"@id\":\"https:\/\/svyti.lt\/index.php\/linas-kavoliunas\/#breadcrumb\",\"itemListElement\":[{\"@type\":\"ListItem\",\"position\":1,\"name\":\"Home\",\"item\":\"https:\/\/svyti.lt\/\"},{\"@type\":\"ListItem\",\"position\":2,\"name\":\"Linas Kavoli\u016bnas\"}]},{\"@type\":\"WebSite\",\"@id\":\"https:\/\/svyti.lt\/#website\",\"url\":\"https:\/\/svyti.lt\/\",\"name\":\"Odontologijos klinika\",\"description\":\"Odontologijos klinika Klaip\u0117doje\",\"publisher\":{\"@id\":\"https:\/\/svyti.lt\/#organization\"},\"potentialAction\":[{\"@type\":\"SearchAction\",\"target\":{\"@type\":\"EntryPoint\",\"urlTemplate\":\"https:\/\/svyti.lt\/?s={search_term_string}\"},\"query-input\":\"required name=search_term_string\"}],\"inLanguage\":\"lt-LT\"},{\"@type\":\"Organization\",\"@id\":\"https:\/\/svyti.lt\/#organization\",\"name\":\"\u0160vyti, UAB\",\"url\":\"https:\/\/svyti.lt\/\",\"logo\":{\"@type\":\"ImageObject\",\"inLanguage\":\"lt-LT\",\"@id\":\"https:\/\/svyti.lt\/#\/schema\/logo\/image\/\",\"url\":\"http:\/\/svyti.lt\/wp-content\/uploads\/2020\/04\/SVYTI-logo600x600.jpg\",\"contentUrl\":\"http:\/\/svyti.lt\/wp-content\/uploads\/2020\/04\/SVYTI-logo600x600.jpg\",\"width\":600,\"height\":600,\"caption\":\"\u0160vyti, UAB\"},\"image\":{\"@id\":\"https:\/\/svyti.lt\/#\/schema\/logo\/image\/\"},\"sameAs\":[\"https:\/\/www.facebook.com\/SVYTIKLINIKA\/\"]}]}<\/script>\n<!-- \/ Yoast SEO plugin. -->","yoast_head_json":{"title":"Linas Kavoli\u016bnas &#8226; Odontologijos klinika &quot;\u0160vyti&quot;","description":"Gydytojas odontologas Linas Kavoli\u016bnas, odontologijos paslaugos Klaip\u0117doje","robots":{"index":"index","follow":"follow","max-snippet":"max-snippet:-1","max-image-preview":"max-image-preview:large","max-video-preview":"max-video-preview:-1"},"canonical":"https:\/\/svyti.lt\/index.php\/linas-kavoliunas\/","og_locale":"lt_LT","og_type":"article","og_title":"Linas Kavoli\u016bnas &#8226; Odontologijos klinika &quot;\u0160vyti&quot;","og_description":"Gydytojas odontologas Linas Kavoli\u016bnas, odontologijos paslaugos Klaip\u0117doje","og_url":"https:\/\/svyti.lt\/index.php\/linas-kavoliunas\/","og_site_name":"Odontologijos klinika &quot;\u0160vyti&quot;","article_publisher":"https:\/\/www.facebook.com\/SVYTIKLINIKA\/","article_modified_time":"2020-04-16T18:05:14+00:00","og_image":[{"url":"http:\/\/svyti.lt\/wp-content\/uploads\/2020\/04\/Asmeninis-Linas-scaled.jpg"}],"twitter_card":"summary_large_image","twitter_misc":{"Est. reading time":"1 minut\u0117"},"schema":{"@context":"https:\/\/schema.org","@graph":[{"@type":"WebPage","@id":"https:\/\/svyti.lt\/index.php\/linas-kavoliunas\/","url":"https:\/\/svyti.lt\/index.php\/linas-kavoliunas\/","name":"Linas Kavoli\u016bnas &#8226; Odontologijos klinika &quot;\u0160vyti&quot;","isPartOf":{"@id":"https:\/\/svyti.lt\/#website"},"primaryImageOfPage":{"@id":"https:\/\/svyti.lt\/index.php\/linas-kavoliunas\/#primaryimage"},"image":{"@id":"https:\/\/svyti.lt\/index.php\/linas-kavoliunas\/#primaryimage"},"thumbnailUrl":"http:\/\/svyti.lt\/wp-content\/uploads\/2020\/04\/Asmeninis-Linas-scaled.jpg","datePublished":"2020-04-05T19:01:27+00:00","dateModified":"2020-04-16T18:05:14+00:00","description":"Gydytojas odontologas Linas Kavoli\u016bnas, odontologijos paslaugos Klaip\u0117doje","breadcrumb":{"@id":"https:\/\/svyti.lt\/index.php\/linas-kavoliunas\/#breadcrumb"},"inLanguage":"lt-LT","potentialAction":[{"@type":"ReadAction","target":["https:\/\/svyti.lt\/index.php\/linas-kavoliunas\/"]}]},{"@type":"ImageObject","inLanguage":"lt-LT","@id":"https:\/\/svyti.lt\/index.php\/linas-kavoliunas\/#primaryimage","url":"http:\/\/svyti.lt\/wp-content\/uploads\/2020\/04\/Asmeninis-Linas-scaled.jpg","contentUrl":"http:\/\/svyti.lt\/wp-content\/uploads\/2020\/04\/Asmeninis-Linas-scaled.jpg"},{"@type":"BreadcrumbList","@id":"https:\/\/svyti.lt\/index.php\/linas-kavoliunas\/#breadcrumb","itemListElement":[{"@type":"ListItem","position":1,"name":"Home","item":"https:\/\/svyti.lt\/"},{"@type":"ListItem","position":2,"name":"Linas Kavoli\u016bnas"}]},{"@type":"WebSite","@id":"https:\/\/svyti.lt\/#website","url":"https:\/\/svyti.lt\/","name":"Odontologijos klinika","description":"Odontologijos klinika Klaip\u0117doje","publisher":{"@id":"https:\/\/svyti.lt\/#organization"},"potentialAction":[{"@type":"SearchAction","target":{"@type":"EntryPoint","urlTemplate":"https:\/\/svyti.lt\/?s={search_term_string}"},"query-input":"required name=search_term_string"}],"inLanguage":"lt-LT"},{"@type":"Organization","@id":"https:\/\/svyti.lt\/#organization","name":"\u0160vyti, UAB","url":"https:\/\/svyti.lt\/","logo":{"@type":"ImageObject","inLanguage":"lt-LT","@id":"https:\/\/svyti.lt\/#\/schema\/logo\/image\/","url":"http:\/\/svyti.lt\/wp-content\/uploads\/2020\/04\/SVYTI-logo600x600.jpg","contentUrl":"http:\/\/svyti.lt\/wp-content\/uploads\/2020\/04\/SVYTI-logo600x600.jpg","width":600,"height":600,"caption":"\u0160vyti, UAB"},"image":{"@id":"https:\/\/svyti.lt\/#\/schema\/logo\/image\/"},"sameAs":["https:\/\/www.facebook.com\/SVYTIKLINIKA\/"]}]}},"_links":{"self":[{"href":"https:\/\/svyti.lt\/index.php\/wp-json\/wp\/v2\/pages\/235"}],"collection":[{"href":"https:\/\/svyti.lt\/index.php\/wp-json\/wp\/v2\/pages"}],"about":[{"href":"https:\/\/svyti.lt\/index.php\/wp-json\/wp\/v2\/types\/page"}],"author":[{"embeddable":true,"href":"https:\/\/svyti.lt\/index.php\/wp-json\/wp\/v2\/users\/1"}],"replies":[{"embeddable":true,"href":"https:\/\/svyti.lt\/index.php\/wp-json\/wp\/v2\/comments?post=235"}],"version-history":[{"count":12,"href":"https:\/\/svyti.lt\/index.php\/wp-json\/wp\/v2\/pages\/235\/revisions"}],"predecessor-version":[{"id":427,"href":"https:\/\/svyti.lt\/index.php\/wp-json\/wp\/v2\/pages\/235\/revisions\/427"}],"wp:attachment":[{"href":"https:\/\/svyti.lt\/index.php\/wp-json\/wp\/v2\/media?parent=235"}],"curies":[{"name":"wp","href":"https:\/\/api.w.org\/{rel}","templated":true}]}}