{"id":221,"date":"2020-04-05T18:54:55","date_gmt":"2020-04-05T18:54:55","guid":{"rendered":"http:\/\/15856601555322.sritis.lt\/?page_id=221"},"modified":"2020-04-16T17:55:05","modified_gmt":"2020-04-16T17:55:05","slug":"olga-kavoliuniene","status":"publish","type":"page","link":"https:\/\/svyti.lt\/index.php\/olga-kavoliuniene\/","title":{"rendered":"Olga Kavoli\u016bnien\u0117"},"content":{"rendered":"\t\t<div data-elementor-type=\"wp-page\" data-elementor-id=\"221\" class=\"elementor elementor-221\" data-elementor-post-type=\"page\">\n\t\t\t\t\t\t<section class=\"elementor-section elementor-top-section elementor-element elementor-element-84a275 elementor-section-boxed elementor-section-height-default elementor-section-height-default\" data-id=\"84a275\" data-element_type=\"section\">\n\t\t\t\t\t\t<div class=\"elementor-container elementor-column-gap-no\">\n\t\t\t\t\t<div class=\"elementor-column elementor-col-50 elementor-top-column elementor-element elementor-element-69008af2\" data-id=\"69008af2\" data-element_type=\"column\">\n\t\t\t<div class=\"elementor-widget-wrap elementor-element-populated\">\n\t\t\t\t\t\t<div class=\"elementor-element elementor-element-10537f8a elementor-widget elementor-widget-image\" data-id=\"10537f8a\" data-element_type=\"widget\" data-widget_type=\"image.default\">\n\t\t\t\t<div class=\"elementor-widget-container\">\n\t\t\t<style>\/*! elementor - v3.23.0 - 05-08-2024 *\/\n.elementor-widget-image{text-align:center}.elementor-widget-image a{display:inline-block}.elementor-widget-image a img[src$=\".svg\"]{width:48px}.elementor-widget-image img{vertical-align:middle;display:inline-block}<\/style>\t\t\t\t\t\t\t\t\t\t<img fetchpriority=\"high\" decoding=\"async\" width=\"1707\" height=\"2560\" src=\"https:\/\/svyti.lt\/wp-content\/uploads\/2020\/04\/Asmeninis-Olga-scaled.jpg\" class=\"attachment-full size-full wp-image-226\" alt=\"gyd. Olga Kavoli\u016bnien\u0117\" srcset=\"https:\/\/svyti.lt\/wp-content\/uploads\/2020\/04\/Asmeninis-Olga-scaled.jpg 1707w, https:\/\/svyti.lt\/wp-content\/uploads\/2020\/04\/Asmeninis-Olga-200x300.jpg 200w, https:\/\/svyti.lt\/wp-content\/uploads\/2020\/04\/Asmeninis-Olga-683x1024.jpg 683w, https:\/\/svyti.lt\/wp-content\/uploads\/2020\/04\/Asmeninis-Olga-768x1152.jpg 768w, https:\/\/svyti.lt\/wp-content\/uploads\/2020\/04\/Asmeninis-Olga-1024x1536.jpg 1024w, https:\/\/svyti.lt\/wp-content\/uploads\/2020\/04\/Asmeninis-Olga-1365x2048.jpg 1365w\" sizes=\"(max-width: 1707px) 100vw, 1707px\" \/>\t\t\t\t\t\t\t\t\t\t\t\t\t<\/div>\n\t\t\t\t<\/div>\n\t\t\t\t\t<\/div>\n\t\t<\/div>\n\t\t\t\t<div class=\"elementor-column elementor-col-50 elementor-top-column elementor-element elementor-element-198d8c65\" data-id=\"198d8c65\" data-element_type=\"column\" data-settings=\"{&quot;background_background&quot;:&quot;classic&quot;}\">\n\t\t\t<div class=\"elementor-widget-wrap elementor-element-populated\">\n\t\t\t\t\t\t<div class=\"elementor-element elementor-element-24250767 elementor-widget elementor-widget-heading\" data-id=\"24250767\" data-element_type=\"widget\" data-widget_type=\"heading.default\">\n\t\t\t\t<div class=\"elementor-widget-container\">\n\t\t\t<style>\/*! elementor - v3.23.0 - 05-08-2024 *\/\n.elementor-heading-title{padding:0;margin:0;line-height:1}.elementor-widget-heading .elementor-heading-title[class*=elementor-size-]>a{color:inherit;font-size:inherit;line-height:inherit}.elementor-widget-heading .elementor-heading-title.elementor-size-small{font-size:15px}.elementor-widget-heading .elementor-heading-title.elementor-size-medium{font-size:19px}.elementor-widget-heading .elementor-heading-title.elementor-size-large{font-size:29px}.elementor-widget-heading .elementor-heading-title.elementor-size-xl{font-size:39px}.elementor-widget-heading .elementor-heading-title.elementor-size-xxl{font-size:59px}<\/style><h1 class=\"elementor-heading-title elementor-size-large\">gyd. Olga Kavoli\u016bnien\u0117<\/h1>\t\t<\/div>\n\t\t\t\t<\/div>\n\t\t\t\t<div class=\"elementor-element elementor-element-32546bcb elementor-widget elementor-widget-heading\" data-id=\"32546bcb\" data-element_type=\"widget\" data-widget_type=\"heading.default\">\n\t\t\t\t<div class=\"elementor-widget-container\">\n\t\t\t<h3 class=\"elementor-heading-title elementor-size-large\">odontolog\u0117, burnos chirurg\u0117<\/h3>\t\t<\/div>\n\t\t\t\t<\/div>\n\t\t\t\t<section class=\"elementor-section elementor-inner-section elementor-element elementor-element-338720e3 elementor-reverse-mobile elementor-section-boxed elementor-section-height-default elementor-section-height-default\" data-id=\"338720e3\" data-element_type=\"section\">\n\t\t\t\t\t\t<div class=\"elementor-container elementor-column-gap-default\">\n\t\t\t\t\t<div class=\"elementor-column elementor-col-100 elementor-inner-column elementor-element elementor-element-1664792c\" data-id=\"1664792c\" data-element_type=\"column\" data-settings=\"{&quot;background_background&quot;:&quot;classic&quot;}\">\n\t\t\t<div class=\"elementor-widget-wrap elementor-element-populated\">\n\t\t\t\t\t\t<div class=\"elementor-element elementor-element-4164be7b elementor-widget elementor-widget-text-editor\" data-id=\"4164be7b\" data-element_type=\"widget\" data-widget_type=\"text-editor.default\">\n\t\t\t\t<div class=\"elementor-widget-container\">\n\t\t\t<style>\/*! elementor - v3.23.0 - 05-08-2024 *\/\n.elementor-widget-text-editor.elementor-drop-cap-view-stacked .elementor-drop-cap{background-color:#69727d;color:#fff}.elementor-widget-text-editor.elementor-drop-cap-view-framed .elementor-drop-cap{color:#69727d;border:3px solid;background-color:transparent}.elementor-widget-text-editor:not(.elementor-drop-cap-view-default) .elementor-drop-cap{margin-top:8px}.elementor-widget-text-editor:not(.elementor-drop-cap-view-default) .elementor-drop-cap-letter{width:1em;height:1em}.elementor-widget-text-editor .elementor-drop-cap{float:left;text-align:center;line-height:1;font-size:50px}.elementor-widget-text-editor .elementor-drop-cap-letter{display:inline-block}<\/style>\t\t\t\t<p>\u00a02002 m. baigiau Kauno Medicinos Universiteto (dabartinio Kauno Sveikatos Moksl\u0173 Universiteto) Odontologijos fakultet\u0105.<\/p><p>\u00a02002-2003m. atlikau pirmin\u0119 rezident\u016br\u0105 Klaip\u0117dos miesto stomatologin\u0117je poliklinikoje.<\/p><p>\u00a02003m. man buvo suteikta gydytojo odontologo licencija.<\/p><p>\u00a02003 m. \u2013 2006 m. t\u0119siau antrin\u0117s rezident\u016bros studijas Kauno Medicinos Universitete, kur \u012fgijau gydytojo burnos chirurgo kvalifikacij\u0105.<\/p><p>\u00a0Po rezident\u016bros baigimo dirbau burnos chirurge Klaip\u0117dos universitetin\u0117je bei Klaip\u0117dos vaik\u0173 ligonin\u0117se.<\/p><p>\u00a0Nuo 2017 m. dirbu Respublikin\u0117s Klaip\u0117dos ligonin\u0117s dienos chirurgijos centre, kur atlieku operacijas bendrin\u0117je nejautroje.\u00a0<\/p><p>\u00a0Jau 14 met\u0173 dirbu priva\u010diose odontologijos klinikose Klaip\u0117dos mieste.<\/p><p>\u00a0Vadovaudamasi pa\u017eangiausiomis metodikomis ir visame pasaulyje taikomomis technikomis darau kaulo ir mink\u0161t\u0173j\u0173 audini\u0173 atstatymo proced\u016bras, bei dant\u0173 implantacijas. Atlieku\u00a0sud\u0117tingas nei\u0161dygusi\u0173 dant\u0173 \u0161alinimo operacijas.<\/p><p>\u00a0Gydau burnos gleivin\u0117s bei periodonto ligas, diagnozuoju onkologinius susirgimus, atlieku danten\u0173 mikroplastikos operacijas.<\/p><p>\u00a0Bendradarbiauju su kit\u0173 sri\u010di\u0173 specialistais sudarant kompleksinio gydymo planus. Atlieku paruo\u0161iam\u0105j\u012f chirurgin\u012f gydym\u0105 prie\u0161 protezavim\u0105 bei ortodontij\u0105.<\/p><p>\u00a0Nuolatos dalyvauju \u012fvairiuose teoriniuose ir praktiniuose kursuose Lietuvoje, Europoje ir JAV.<\/p><p>\u00a0Esu Lietuvos odontolog\u0173 r\u016bm\u0173, Lietuvos periodontolog\u0173 draugijos, Lietuvos veido ir \u017eandikauli\u0173 bei burnos chirurg\u0173 draugijos nar\u0117, o taip pat tarptautini\u0173 draugij\u0173 \u201eInternational Team of Implantology\u201c (ITI, tarptautin\u0117 implantolog\u0173 komanda) bei \u201eWomen\u2019s Implantology Network\u201c nar\u0117.<\/p>\t\t\t\t\t\t<\/div>\n\t\t\t\t<\/div>\n\t\t\t\t\t<\/div>\n\t\t<\/div>\n\t\t\t\t\t<\/div>\n\t\t<\/section>\n\t\t\t\t\t<\/div>\n\t\t<\/div>\n\t\t\t\t\t<\/div>\n\t\t<\/section>\n\t\t\t\t<\/div>\n\t\t","protected":false},"excerpt":{"rendered":"<p>gyd. Olga Kavoli\u016bnien\u0117 odontolog\u0117, burnos chirurg\u0117 &nbsp;2002 m. baigiau Kauno Medicinos Universiteto (dabartinio Kauno Sveikatos Moksl\u0173 Universiteto) Odontologijos fakultet\u0105. &nbsp;2002-2003m. atlikau pirmin\u0119 rezident\u016br\u0105 Klaip\u0117dos miesto stomatologin\u0117je poliklinikoje. &nbsp;2003m. man buvo suteikta gydytojo odontologo licencija. &nbsp;2003 m. \u2013 2006 m. t\u0119siau antrin\u0117s rezident\u016bros studijas Kauno Medicinos Universitete, kur \u012fgijau gydytojo burnos chirurgo kvalifikacij\u0105. &nbsp;Po rezident\u016bros baigimo [&hellip;]<\/p>\n","protected":false},"author":1,"featured_media":0,"parent":0,"menu_order":0,"comment_status":"closed","ping_status":"closed","template":"elementor_header_footer","meta":{"footnotes":""},"class_list":["post-221","page","type-page","status-publish","hentry"],"yoast_head":"<!-- This site is optimized with the Yoast SEO plugin v23.3 - https:\/\/yoast.com\/wordpress\/plugins\/seo\/ -->\n<title>Olga Kavoli\u016bnien\u0117 &#8226; Odontologijos klinika &quot;\u0160vyti&quot;<\/title>\n<meta name=\"description\" content=\"Odontolog\u0117, burnos chirurg\u0117, kaulo ir mink\u0161t\u0173j\u0173 audini\u0173 atstatymo proced\u016bros, dant\u0173 implantacija, dant\u0173 \u0161alinimo ir danten\u0173 mikroplastikos operacijos.\" \/>\n<meta name=\"robots\" content=\"index, follow, max-snippet:-1, max-image-preview:large, max-video-preview:-1\" \/>\n<link rel=\"canonical\" href=\"https:\/\/svyti.lt\/index.php\/olga-kavoliuniene\/\" \/>\n<meta property=\"og:locale\" content=\"lt_LT\" \/>\n<meta property=\"og:type\" content=\"article\" \/>\n<meta property=\"og:title\" content=\"Olga Kavoli\u016bnien\u0117 &#8226; Odontologijos klinika &quot;\u0160vyti&quot;\" \/>\n<meta property=\"og:description\" content=\"Odontolog\u0117, burnos chirurg\u0117, kaulo ir mink\u0161t\u0173j\u0173 audini\u0173 atstatymo proced\u016bros, dant\u0173 implantacija, dant\u0173 \u0161alinimo ir danten\u0173 mikroplastikos operacijos.\" \/>\n<meta property=\"og:url\" content=\"https:\/\/svyti.lt\/index.php\/olga-kavoliuniene\/\" \/>\n<meta property=\"og:site_name\" content=\"Odontologijos klinika &quot;\u0160vyti&quot;\" \/>\n<meta property=\"article:publisher\" content=\"https:\/\/www.facebook.com\/SVYTIKLINIKA\/\" \/>\n<meta property=\"article:modified_time\" content=\"2020-04-16T17:55:05+00:00\" \/>\n<meta property=\"og:image\" content=\"http:\/\/svyti.lt\/wp-content\/uploads\/2020\/04\/Asmeninis-Olga-scaled.jpg\" \/>\n<meta name=\"twitter:card\" content=\"summary_large_image\" \/>\n<meta name=\"twitter:label1\" content=\"Est. reading time\" \/>\n\t<meta name=\"twitter:data1\" content=\"1 minut\u0117\" \/>\n<script type=\"application\/ld+json\" class=\"yoast-schema-graph\">{\"@context\":\"https:\/\/schema.org\",\"@graph\":[{\"@type\":\"WebPage\",\"@id\":\"https:\/\/svyti.lt\/index.php\/olga-kavoliuniene\/\",\"url\":\"https:\/\/svyti.lt\/index.php\/olga-kavoliuniene\/\",\"name\":\"Olga Kavoli\u016bnien\u0117 &#8226; Odontologijos klinika &quot;\u0160vyti&quot;\",\"isPartOf\":{\"@id\":\"https:\/\/svyti.lt\/#website\"},\"primaryImageOfPage\":{\"@id\":\"https:\/\/svyti.lt\/index.php\/olga-kavoliuniene\/#primaryimage\"},\"image\":{\"@id\":\"https:\/\/svyti.lt\/index.php\/olga-kavoliuniene\/#primaryimage\"},\"thumbnailUrl\":\"http:\/\/svyti.lt\/wp-content\/uploads\/2020\/04\/Asmeninis-Olga-scaled.jpg\",\"datePublished\":\"2020-04-05T18:54:55+00:00\",\"dateModified\":\"2020-04-16T17:55:05+00:00\",\"description\":\"Odontolog\u0117, burnos chirurg\u0117, kaulo ir mink\u0161t\u0173j\u0173 audini\u0173 atstatymo proced\u016bros, dant\u0173 implantacija, dant\u0173 \u0161alinimo ir danten\u0173 mikroplastikos operacijos.\",\"breadcrumb\":{\"@id\":\"https:\/\/svyti.lt\/index.php\/olga-kavoliuniene\/#breadcrumb\"},\"inLanguage\":\"lt-LT\",\"potentialAction\":[{\"@type\":\"ReadAction\",\"target\":[\"https:\/\/svyti.lt\/index.php\/olga-kavoliuniene\/\"]}]},{\"@type\":\"ImageObject\",\"inLanguage\":\"lt-LT\",\"@id\":\"https:\/\/svyti.lt\/index.php\/olga-kavoliuniene\/#primaryimage\",\"url\":\"http:\/\/svyti.lt\/wp-content\/uploads\/2020\/04\/Asmeninis-Olga-scaled.jpg\",\"contentUrl\":\"http:\/\/svyti.lt\/wp-content\/uploads\/2020\/04\/Asmeninis-Olga-scaled.jpg\"},{\"@type\":\"BreadcrumbList\",\"@id\":\"https:\/\/svyti.lt\/index.php\/olga-kavoliuniene\/#breadcrumb\",\"itemListElement\":[{\"@type\":\"ListItem\",\"position\":1,\"name\":\"Home\",\"item\":\"https:\/\/svyti.lt\/\"},{\"@type\":\"ListItem\",\"position\":2,\"name\":\"Olga Kavoli\u016bnien\u0117\"}]},{\"@type\":\"WebSite\",\"@id\":\"https:\/\/svyti.lt\/#website\",\"url\":\"https:\/\/svyti.lt\/\",\"name\":\"Odontologijos klinika\",\"description\":\"Odontologijos klinika Klaip\u0117doje\",\"publisher\":{\"@id\":\"https:\/\/svyti.lt\/#organization\"},\"potentialAction\":[{\"@type\":\"SearchAction\",\"target\":{\"@type\":\"EntryPoint\",\"urlTemplate\":\"https:\/\/svyti.lt\/?s={search_term_string}\"},\"query-input\":\"required name=search_term_string\"}],\"inLanguage\":\"lt-LT\"},{\"@type\":\"Organization\",\"@id\":\"https:\/\/svyti.lt\/#organization\",\"name\":\"\u0160vyti, UAB\",\"url\":\"https:\/\/svyti.lt\/\",\"logo\":{\"@type\":\"ImageObject\",\"inLanguage\":\"lt-LT\",\"@id\":\"https:\/\/svyti.lt\/#\/schema\/logo\/image\/\",\"url\":\"http:\/\/svyti.lt\/wp-content\/uploads\/2020\/04\/SVYTI-logo600x600.jpg\",\"contentUrl\":\"http:\/\/svyti.lt\/wp-content\/uploads\/2020\/04\/SVYTI-logo600x600.jpg\",\"width\":600,\"height\":600,\"caption\":\"\u0160vyti, UAB\"},\"image\":{\"@id\":\"https:\/\/svyti.lt\/#\/schema\/logo\/image\/\"},\"sameAs\":[\"https:\/\/www.facebook.com\/SVYTIKLINIKA\/\"]}]}<\/script>\n<!-- \/ Yoast SEO plugin. -->","yoast_head_json":{"title":"Olga Kavoli\u016bnien\u0117 &#8226; Odontologijos klinika &quot;\u0160vyti&quot;","description":"Odontolog\u0117, burnos chirurg\u0117, kaulo ir mink\u0161t\u0173j\u0173 audini\u0173 atstatymo proced\u016bros, dant\u0173 implantacija, dant\u0173 \u0161alinimo ir danten\u0173 mikroplastikos operacijos.","robots":{"index":"index","follow":"follow","max-snippet":"max-snippet:-1","max-image-preview":"max-image-preview:large","max-video-preview":"max-video-preview:-1"},"canonical":"https:\/\/svyti.lt\/index.php\/olga-kavoliuniene\/","og_locale":"lt_LT","og_type":"article","og_title":"Olga Kavoli\u016bnien\u0117 &#8226; Odontologijos klinika &quot;\u0160vyti&quot;","og_description":"Odontolog\u0117, burnos chirurg\u0117, kaulo ir mink\u0161t\u0173j\u0173 audini\u0173 atstatymo proced\u016bros, dant\u0173 implantacija, dant\u0173 \u0161alinimo ir danten\u0173 mikroplastikos operacijos.","og_url":"https:\/\/svyti.lt\/index.php\/olga-kavoliuniene\/","og_site_name":"Odontologijos klinika &quot;\u0160vyti&quot;","article_publisher":"https:\/\/www.facebook.com\/SVYTIKLINIKA\/","article_modified_time":"2020-04-16T17:55:05+00:00","og_image":[{"url":"http:\/\/svyti.lt\/wp-content\/uploads\/2020\/04\/Asmeninis-Olga-scaled.jpg"}],"twitter_card":"summary_large_image","twitter_misc":{"Est. reading time":"1 minut\u0117"},"schema":{"@context":"https:\/\/schema.org","@graph":[{"@type":"WebPage","@id":"https:\/\/svyti.lt\/index.php\/olga-kavoliuniene\/","url":"https:\/\/svyti.lt\/index.php\/olga-kavoliuniene\/","name":"Olga Kavoli\u016bnien\u0117 &#8226; Odontologijos klinika &quot;\u0160vyti&quot;","isPartOf":{"@id":"https:\/\/svyti.lt\/#website"},"primaryImageOfPage":{"@id":"https:\/\/svyti.lt\/index.php\/olga-kavoliuniene\/#primaryimage"},"image":{"@id":"https:\/\/svyti.lt\/index.php\/olga-kavoliuniene\/#primaryimage"},"thumbnailUrl":"http:\/\/svyti.lt\/wp-content\/uploads\/2020\/04\/Asmeninis-Olga-scaled.jpg","datePublished":"2020-04-05T18:54:55+00:00","dateModified":"2020-04-16T17:55:05+00:00","description":"Odontolog\u0117, burnos chirurg\u0117, kaulo ir mink\u0161t\u0173j\u0173 audini\u0173 atstatymo proced\u016bros, dant\u0173 implantacija, dant\u0173 \u0161alinimo ir danten\u0173 mikroplastikos operacijos.","breadcrumb":{"@id":"https:\/\/svyti.lt\/index.php\/olga-kavoliuniene\/#breadcrumb"},"inLanguage":"lt-LT","potentialAction":[{"@type":"ReadAction","target":["https:\/\/svyti.lt\/index.php\/olga-kavoliuniene\/"]}]},{"@type":"ImageObject","inLanguage":"lt-LT","@id":"https:\/\/svyti.lt\/index.php\/olga-kavoliuniene\/#primaryimage","url":"http:\/\/svyti.lt\/wp-content\/uploads\/2020\/04\/Asmeninis-Olga-scaled.jpg","contentUrl":"http:\/\/svyti.lt\/wp-content\/uploads\/2020\/04\/Asmeninis-Olga-scaled.jpg"},{"@type":"BreadcrumbList","@id":"https:\/\/svyti.lt\/index.php\/olga-kavoliuniene\/#breadcrumb","itemListElement":[{"@type":"ListItem","position":1,"name":"Home","item":"https:\/\/svyti.lt\/"},{"@type":"ListItem","position":2,"name":"Olga Kavoli\u016bnien\u0117"}]},{"@type":"WebSite","@id":"https:\/\/svyti.lt\/#website","url":"https:\/\/svyti.lt\/","name":"Odontologijos klinika","description":"Odontologijos klinika Klaip\u0117doje","publisher":{"@id":"https:\/\/svyti.lt\/#organization"},"potentialAction":[{"@type":"SearchAction","target":{"@type":"EntryPoint","urlTemplate":"https:\/\/svyti.lt\/?s={search_term_string}"},"query-input":"required name=search_term_string"}],"inLanguage":"lt-LT"},{"@type":"Organization","@id":"https:\/\/svyti.lt\/#organization","name":"\u0160vyti, UAB","url":"https:\/\/svyti.lt\/","logo":{"@type":"ImageObject","inLanguage":"lt-LT","@id":"https:\/\/svyti.lt\/#\/schema\/logo\/image\/","url":"http:\/\/svyti.lt\/wp-content\/uploads\/2020\/04\/SVYTI-logo600x600.jpg","contentUrl":"http:\/\/svyti.lt\/wp-content\/uploads\/2020\/04\/SVYTI-logo600x600.jpg","width":600,"height":600,"caption":"\u0160vyti, UAB"},"image":{"@id":"https:\/\/svyti.lt\/#\/schema\/logo\/image\/"},"sameAs":["https:\/\/www.facebook.com\/SVYTIKLINIKA\/"]}]}},"_links":{"self":[{"href":"https:\/\/svyti.lt\/index.php\/wp-json\/wp\/v2\/pages\/221"}],"collection":[{"href":"https:\/\/svyti.lt\/index.php\/wp-json\/wp\/v2\/pages"}],"about":[{"href":"https:\/\/svyti.lt\/index.php\/wp-json\/wp\/v2\/types\/page"}],"author":[{"embeddable":true,"href":"https:\/\/svyti.lt\/index.php\/wp-json\/wp\/v2\/users\/1"}],"replies":[{"embeddable":true,"href":"https:\/\/svyti.lt\/index.php\/wp-json\/wp\/v2\/comments?post=221"}],"version-history":[{"count":18,"href":"https:\/\/svyti.lt\/index.php\/wp-json\/wp\/v2\/pages\/221\/revisions"}],"predecessor-version":[{"id":428,"href":"https:\/\/svyti.lt\/index.php\/wp-json\/wp\/v2\/pages\/221\/revisions\/428"}],"wp:attachment":[{"href":"https:\/\/svyti.lt\/index.php\/wp-json\/wp\/v2\/media?parent=221"}],"curies":[{"name":"wp","href":"https:\/\/api.w.org\/{rel}","templated":true}]}}