{"id":156,"date":"2020-04-02T16:05:52","date_gmt":"2020-04-02T16:05:52","guid":{"rendered":"http:\/\/15856601555322.sritis.lt\/?page_id=156"},"modified":"2020-04-16T18:00:48","modified_gmt":"2020-04-16T18:00:48","slug":"guoda-butkeviciene","status":"publish","type":"page","link":"https:\/\/svyti.lt\/index.php\/guoda-butkeviciene\/","title":{"rendered":"Guoda Butkevi\u010dien\u0117"},"content":{"rendered":"\t\t<div data-elementor-type=\"wp-page\" data-elementor-id=\"156\" class=\"elementor elementor-156\" data-elementor-post-type=\"page\">\n\t\t\t\t\t\t<section class=\"elementor-section elementor-top-section elementor-element elementor-element-5ea86d12 elementor-section-boxed elementor-section-height-default elementor-section-height-default\" data-id=\"5ea86d12\" data-element_type=\"section\">\n\t\t\t\t\t\t<div class=\"elementor-container elementor-column-gap-no\">\n\t\t\t\t\t<div class=\"elementor-column elementor-col-50 elementor-top-column elementor-element elementor-element-625d7416\" data-id=\"625d7416\" data-element_type=\"column\">\n\t\t\t<div class=\"elementor-widget-wrap elementor-element-populated\">\n\t\t\t\t\t\t<div class=\"elementor-element elementor-element-3cb4b9fb elementor-widget elementor-widget-image\" data-id=\"3cb4b9fb\" data-element_type=\"widget\" data-widget_type=\"image.default\">\n\t\t\t\t<div class=\"elementor-widget-container\">\n\t\t\t<style>\/*! elementor - v3.23.0 - 05-08-2024 *\/\n.elementor-widget-image{text-align:center}.elementor-widget-image a{display:inline-block}.elementor-widget-image a img[src$=\".svg\"]{width:48px}.elementor-widget-image img{vertical-align:middle;display:inline-block}<\/style>\t\t\t\t\t\t\t\t\t\t<img fetchpriority=\"high\" decoding=\"async\" width=\"1710\" height=\"2560\" src=\"https:\/\/svyti.lt\/wp-content\/uploads\/2020\/04\/Asmeninis-Guoda-scaled.jpg\" class=\"attachment-full size-full wp-image-224\" alt=\"gyd. Guoda Butkevi\u010dien\u0117\" srcset=\"https:\/\/svyti.lt\/wp-content\/uploads\/2020\/04\/Asmeninis-Guoda-scaled.jpg 1710w, https:\/\/svyti.lt\/wp-content\/uploads\/2020\/04\/Asmeninis-Guoda-200x300.jpg 200w, https:\/\/svyti.lt\/wp-content\/uploads\/2020\/04\/Asmeninis-Guoda-684x1024.jpg 684w, https:\/\/svyti.lt\/wp-content\/uploads\/2020\/04\/Asmeninis-Guoda-768x1150.jpg 768w, https:\/\/svyti.lt\/wp-content\/uploads\/2020\/04\/Asmeninis-Guoda-1026x1536.jpg 1026w, https:\/\/svyti.lt\/wp-content\/uploads\/2020\/04\/Asmeninis-Guoda-1368x2048.jpg 1368w\" sizes=\"(max-width: 1710px) 100vw, 1710px\" \/>\t\t\t\t\t\t\t\t\t\t\t\t\t<\/div>\n\t\t\t\t<\/div>\n\t\t\t\t\t<\/div>\n\t\t<\/div>\n\t\t\t\t<div class=\"elementor-column elementor-col-50 elementor-top-column elementor-element elementor-element-6c7c37e3\" data-id=\"6c7c37e3\" data-element_type=\"column\" data-settings=\"{&quot;background_background&quot;:&quot;classic&quot;}\">\n\t\t\t<div class=\"elementor-widget-wrap elementor-element-populated\">\n\t\t\t\t\t\t<div class=\"elementor-element elementor-element-6b8e6139 elementor-widget elementor-widget-heading\" data-id=\"6b8e6139\" data-element_type=\"widget\" data-widget_type=\"heading.default\">\n\t\t\t\t<div class=\"elementor-widget-container\">\n\t\t\t<style>\/*! elementor - v3.23.0 - 05-08-2024 *\/\n.elementor-heading-title{padding:0;margin:0;line-height:1}.elementor-widget-heading .elementor-heading-title[class*=elementor-size-]>a{color:inherit;font-size:inherit;line-height:inherit}.elementor-widget-heading .elementor-heading-title.elementor-size-small{font-size:15px}.elementor-widget-heading .elementor-heading-title.elementor-size-medium{font-size:19px}.elementor-widget-heading .elementor-heading-title.elementor-size-large{font-size:29px}.elementor-widget-heading .elementor-heading-title.elementor-size-xl{font-size:39px}.elementor-widget-heading .elementor-heading-title.elementor-size-xxl{font-size:59px}<\/style><h1 class=\"elementor-heading-title elementor-size-large\">gyd. Guoda Butkevi\u010dien\u0117<\/h1>\t\t<\/div>\n\t\t\t\t<\/div>\n\t\t\t\t<div class=\"elementor-element elementor-element-f4b025b elementor-widget elementor-widget-heading\" data-id=\"f4b025b\" data-element_type=\"widget\" data-widget_type=\"heading.default\">\n\t\t\t\t<div class=\"elementor-widget-container\">\n\t\t\t<h3 class=\"elementor-heading-title elementor-size-large\">odontolog\u0117, ortodont\u0117<\/h3>\t\t<\/div>\n\t\t\t\t<\/div>\n\t\t\t\t<section class=\"elementor-section elementor-inner-section elementor-element elementor-element-392fb5fc elementor-reverse-mobile elementor-section-boxed elementor-section-height-default elementor-section-height-default\" data-id=\"392fb5fc\" data-element_type=\"section\">\n\t\t\t\t\t\t<div class=\"elementor-container elementor-column-gap-default\">\n\t\t\t\t\t<div class=\"elementor-column elementor-col-100 elementor-inner-column elementor-element elementor-element-7c7e9f85\" data-id=\"7c7e9f85\" data-element_type=\"column\" data-settings=\"{&quot;background_background&quot;:&quot;classic&quot;}\">\n\t\t\t<div class=\"elementor-widget-wrap elementor-element-populated\">\n\t\t\t\t\t\t<div class=\"elementor-element elementor-element-2654c165 elementor-widget elementor-widget-text-editor\" data-id=\"2654c165\" data-element_type=\"widget\" data-widget_type=\"text-editor.default\">\n\t\t\t\t<div class=\"elementor-widget-container\">\n\t\t\t<style>\/*! elementor - v3.23.0 - 05-08-2024 *\/\n.elementor-widget-text-editor.elementor-drop-cap-view-stacked .elementor-drop-cap{background-color:#69727d;color:#fff}.elementor-widget-text-editor.elementor-drop-cap-view-framed .elementor-drop-cap{color:#69727d;border:3px solid;background-color:transparent}.elementor-widget-text-editor:not(.elementor-drop-cap-view-default) .elementor-drop-cap{margin-top:8px}.elementor-widget-text-editor:not(.elementor-drop-cap-view-default) .elementor-drop-cap-letter{width:1em;height:1em}.elementor-widget-text-editor .elementor-drop-cap{float:left;text-align:center;line-height:1;font-size:50px}.elementor-widget-text-editor .elementor-drop-cap-letter{display:inline-block}<\/style>\t\t\t\t<p><span style=\"letter-spacing: 0.4px;\">\u00a01997m. baigiau Jurbarko Antano-Giedriaus Giedrai\u010dio gimnazij\u0105 ir \u012fstojau \u012f Kauno Medicinos Universiteto (dabartinio Lietuvos Sveikatos moksl\u0173 Universiteto) Odontologijos fakultet\u0105, kur\u012f baigiau 2002m.<\/span><\/p><p>\u00a02002-2003m. atlikau pirmin\u0119 rezident\u016br\u0105 Kauno Universitetini\u0173 klinik\u0173 Odontologijos skyriuje.<\/p><p>\u00a02003-2005m. dirbau priva\u010dioje Odontologijos klinikoje Jurbarke bendros praktikos gydytoja odontologe.<\/p><p>\u00a0Studij\u0173 metais ypatingai susidom\u0117jau ortodontijos disciplina, tod\u0117l 2005-2008m. t\u0119siau antrin\u0117s rezident\u016bros studijas Kauno Universitetini\u0173 klinik\u0173 Ortodontijos klinikoje, sta\u017eavausi Kardifo Universitete (Cardiff University) Velse. 2008m. \u012fgijau gydytojo ortodonto kvalifikacij\u0105.<\/p><p>\u00a0Nuo to laiko dirbau priva\u010diose klinikose Kaune, Jurbarke ir Klaip\u0117doje gydytoja ortodonte.<\/p><p>\u00a0Suprantu, kad geriausia investicija yra \u017einios, tod\u0117l nenustoju dom\u0117tis mokslo ir technologin\u0117mis naujov\u0117mis, dalyvauju praktikiniuose ir teoriniuose kursuose bei kongresuose Lietuvoje ir u\u017esienyje, \u012fgytas \u017einias taikau praktikoje.<\/p><p>\u00a0Konsultuoju \u012fvairaus am\u017eiaus pacientus d\u0117l ortodontinio gydymo ir profilaktikos, nustatau ortodontinio gydymo reikalingum\u0105, pagal indikacijas parenku tinkam\u0105 gydym\u0105, gydau \u012fvairaus sud\u0117tingumo dentalines bei skeletines s\u0105kand\u017eio ir dant\u0173 pad\u0117ties anomalijas. Kompleksinio gydymo atvejais bendradarbiauju su kit\u0173 sri\u010di\u0173 specialistais sudarant gydymo planus, ruo\u0161iu pacientus ortognatin\u0117ms veido-\u017eandikaulio operacijoms, atlieku pagalbin\u012f gydym\u0105 prie\u0161 implantacij\u0105 ir protezavim\u0105.<\/p><p>\u00a0Gydymui taikau vis\u0173 tip\u0173 ortodontinius aparatus (plok\u0161teles, nuimamus ir nenuimamus aparatus s\u0105kand\u017eio korekcijai, breket\u0173 bei tiesinan\u010di\u0173 kap\u0173 sistemas), kuriuos parenku atsi\u017evelgdama \u012f indikacijas ir paciento pageidavimus.<\/p><p>\u00a0Esu Lietuvos Odontolog\u0173 r\u016bm\u0173 bei Lietuvos Ortodont\u0173 s\u0105jungos nar\u0117.<\/p><p>\u00a0Susi\u017eav\u0117jimas pasirinkta Ortodontijos disciplina nei\u0161bl\u0117so iki \u0161iol. Manau, kad tai buvo vienas geriausi\u0173 mano pasirinkim\u0173, leid\u017eiantis i\u0161naudoti mano asmeninius geb\u0117jimus ir savybes. Maloniausia mano darbo dalis \u2013 laimingas pacientas.<\/p>\t\t\t\t\t\t<\/div>\n\t\t\t\t<\/div>\n\t\t\t\t\t<\/div>\n\t\t<\/div>\n\t\t\t\t\t<\/div>\n\t\t<\/section>\n\t\t\t\t\t<\/div>\n\t\t<\/div>\n\t\t\t\t\t<\/div>\n\t\t<\/section>\n\t\t\t\t<\/div>\n\t\t","protected":false},"excerpt":{"rendered":"<p>gyd. Guoda Butkevi\u010dien\u0117 odontolog\u0117, ortodont\u0117 &nbsp;1997m. baigiau Jurbarko Antano-Giedriaus Giedrai\u010dio gimnazij\u0105 ir \u012fstojau \u012f Kauno Medicinos Universiteto (dabartinio Lietuvos Sveikatos moksl\u0173 Universiteto) Odontologijos fakultet\u0105, kur\u012f baigiau 2002m. &nbsp;2002-2003m. atlikau pirmin\u0119 rezident\u016br\u0105 Kauno Universitetini\u0173 klinik\u0173 Odontologijos skyriuje. &nbsp;2003-2005m. dirbau priva\u010dioje Odontologijos klinikoje Jurbarke bendros praktikos gydytoja odontologe. &nbsp;Studij\u0173 metais ypatingai susidom\u0117jau ortodontijos disciplina, tod\u0117l 2005-2008m. t\u0119siau [&hellip;]<\/p>\n","protected":false},"author":1,"featured_media":0,"parent":0,"menu_order":0,"comment_status":"closed","ping_status":"closed","template":"elementor_header_footer","meta":{"footnotes":""},"class_list":["post-156","page","type-page","status-publish","hentry"],"yoast_head":"<!-- This site is optimized with the Yoast SEO plugin v23.3 - https:\/\/yoast.com\/wordpress\/plugins\/seo\/ -->\n<title>Guoda Butkevi\u010dien\u0117 &#8226; Odontologijos klinika &quot;\u0160vyti&quot;<\/title>\n<meta name=\"description\" content=\"Odontolog\u0117, ortodont\u0117, dentalines bei skeletines s\u0105kand\u017eio ir dant\u0173 pad\u0117ties anomalij\u0173 gydymas. Pagalbinis gydym\u0105 prie\u0161 implantacij\u0105 ir protezavim\u0105.\" \/>\n<meta name=\"robots\" content=\"index, follow, max-snippet:-1, max-image-preview:large, max-video-preview:-1\" \/>\n<link rel=\"canonical\" href=\"https:\/\/svyti.lt\/index.php\/guoda-butkeviciene\/\" \/>\n<meta property=\"og:locale\" content=\"lt_LT\" \/>\n<meta property=\"og:type\" content=\"article\" \/>\n<meta property=\"og:title\" content=\"Guoda Butkevi\u010dien\u0117 &#8226; Odontologijos klinika &quot;\u0160vyti&quot;\" \/>\n<meta property=\"og:description\" content=\"Odontolog\u0117, ortodont\u0117, dentalines bei skeletines s\u0105kand\u017eio ir dant\u0173 pad\u0117ties anomalij\u0173 gydymas. Pagalbinis gydym\u0105 prie\u0161 implantacij\u0105 ir protezavim\u0105.\" \/>\n<meta property=\"og:url\" content=\"https:\/\/svyti.lt\/index.php\/guoda-butkeviciene\/\" \/>\n<meta property=\"og:site_name\" content=\"Odontologijos klinika &quot;\u0160vyti&quot;\" \/>\n<meta property=\"article:publisher\" content=\"https:\/\/www.facebook.com\/SVYTIKLINIKA\/\" \/>\n<meta property=\"article:modified_time\" content=\"2020-04-16T18:00:48+00:00\" \/>\n<meta property=\"og:image\" content=\"http:\/\/svyti.lt\/wp-content\/uploads\/2020\/04\/Asmeninis-Guoda-scaled.jpg\" \/>\n<meta name=\"twitter:card\" content=\"summary_large_image\" \/>\n<meta name=\"twitter:label1\" content=\"Est. reading time\" \/>\n\t<meta name=\"twitter:data1\" content=\"2 minut\u0117s\" \/>\n<script type=\"application\/ld+json\" class=\"yoast-schema-graph\">{\"@context\":\"https:\/\/schema.org\",\"@graph\":[{\"@type\":\"WebPage\",\"@id\":\"https:\/\/svyti.lt\/index.php\/guoda-butkeviciene\/\",\"url\":\"https:\/\/svyti.lt\/index.php\/guoda-butkeviciene\/\",\"name\":\"Guoda Butkevi\u010dien\u0117 &#8226; Odontologijos klinika &quot;\u0160vyti&quot;\",\"isPartOf\":{\"@id\":\"https:\/\/svyti.lt\/#website\"},\"primaryImageOfPage\":{\"@id\":\"https:\/\/svyti.lt\/index.php\/guoda-butkeviciene\/#primaryimage\"},\"image\":{\"@id\":\"https:\/\/svyti.lt\/index.php\/guoda-butkeviciene\/#primaryimage\"},\"thumbnailUrl\":\"http:\/\/svyti.lt\/wp-content\/uploads\/2020\/04\/Asmeninis-Guoda-scaled.jpg\",\"datePublished\":\"2020-04-02T16:05:52+00:00\",\"dateModified\":\"2020-04-16T18:00:48+00:00\",\"description\":\"Odontolog\u0117, ortodont\u0117, dentalines bei skeletines s\u0105kand\u017eio ir dant\u0173 pad\u0117ties anomalij\u0173 gydymas. Pagalbinis gydym\u0105 prie\u0161 implantacij\u0105 ir protezavim\u0105.\",\"breadcrumb\":{\"@id\":\"https:\/\/svyti.lt\/index.php\/guoda-butkeviciene\/#breadcrumb\"},\"inLanguage\":\"lt-LT\",\"potentialAction\":[{\"@type\":\"ReadAction\",\"target\":[\"https:\/\/svyti.lt\/index.php\/guoda-butkeviciene\/\"]}]},{\"@type\":\"ImageObject\",\"inLanguage\":\"lt-LT\",\"@id\":\"https:\/\/svyti.lt\/index.php\/guoda-butkeviciene\/#primaryimage\",\"url\":\"http:\/\/svyti.lt\/wp-content\/uploads\/2020\/04\/Asmeninis-Guoda-scaled.jpg\",\"contentUrl\":\"http:\/\/svyti.lt\/wp-content\/uploads\/2020\/04\/Asmeninis-Guoda-scaled.jpg\"},{\"@type\":\"BreadcrumbList\",\"@id\":\"https:\/\/svyti.lt\/index.php\/guoda-butkeviciene\/#breadcrumb\",\"itemListElement\":[{\"@type\":\"ListItem\",\"position\":1,\"name\":\"Home\",\"item\":\"https:\/\/svyti.lt\/\"},{\"@type\":\"ListItem\",\"position\":2,\"name\":\"Guoda Butkevi\u010dien\u0117\"}]},{\"@type\":\"WebSite\",\"@id\":\"https:\/\/svyti.lt\/#website\",\"url\":\"https:\/\/svyti.lt\/\",\"name\":\"Odontologijos klinika\",\"description\":\"Odontologijos klinika Klaip\u0117doje\",\"publisher\":{\"@id\":\"https:\/\/svyti.lt\/#organization\"},\"potentialAction\":[{\"@type\":\"SearchAction\",\"target\":{\"@type\":\"EntryPoint\",\"urlTemplate\":\"https:\/\/svyti.lt\/?s={search_term_string}\"},\"query-input\":\"required name=search_term_string\"}],\"inLanguage\":\"lt-LT\"},{\"@type\":\"Organization\",\"@id\":\"https:\/\/svyti.lt\/#organization\",\"name\":\"\u0160vyti, UAB\",\"url\":\"https:\/\/svyti.lt\/\",\"logo\":{\"@type\":\"ImageObject\",\"inLanguage\":\"lt-LT\",\"@id\":\"https:\/\/svyti.lt\/#\/schema\/logo\/image\/\",\"url\":\"http:\/\/svyti.lt\/wp-content\/uploads\/2020\/04\/SVYTI-logo600x600.jpg\",\"contentUrl\":\"http:\/\/svyti.lt\/wp-content\/uploads\/2020\/04\/SVYTI-logo600x600.jpg\",\"width\":600,\"height\":600,\"caption\":\"\u0160vyti, UAB\"},\"image\":{\"@id\":\"https:\/\/svyti.lt\/#\/schema\/logo\/image\/\"},\"sameAs\":[\"https:\/\/www.facebook.com\/SVYTIKLINIKA\/\"]}]}<\/script>\n<!-- \/ Yoast SEO plugin. -->","yoast_head_json":{"title":"Guoda Butkevi\u010dien\u0117 &#8226; Odontologijos klinika &quot;\u0160vyti&quot;","description":"Odontolog\u0117, ortodont\u0117, dentalines bei skeletines s\u0105kand\u017eio ir dant\u0173 pad\u0117ties anomalij\u0173 gydymas. Pagalbinis gydym\u0105 prie\u0161 implantacij\u0105 ir protezavim\u0105.","robots":{"index":"index","follow":"follow","max-snippet":"max-snippet:-1","max-image-preview":"max-image-preview:large","max-video-preview":"max-video-preview:-1"},"canonical":"https:\/\/svyti.lt\/index.php\/guoda-butkeviciene\/","og_locale":"lt_LT","og_type":"article","og_title":"Guoda Butkevi\u010dien\u0117 &#8226; Odontologijos klinika &quot;\u0160vyti&quot;","og_description":"Odontolog\u0117, ortodont\u0117, dentalines bei skeletines s\u0105kand\u017eio ir dant\u0173 pad\u0117ties anomalij\u0173 gydymas. Pagalbinis gydym\u0105 prie\u0161 implantacij\u0105 ir protezavim\u0105.","og_url":"https:\/\/svyti.lt\/index.php\/guoda-butkeviciene\/","og_site_name":"Odontologijos klinika &quot;\u0160vyti&quot;","article_publisher":"https:\/\/www.facebook.com\/SVYTIKLINIKA\/","article_modified_time":"2020-04-16T18:00:48+00:00","og_image":[{"url":"http:\/\/svyti.lt\/wp-content\/uploads\/2020\/04\/Asmeninis-Guoda-scaled.jpg"}],"twitter_card":"summary_large_image","twitter_misc":{"Est. reading time":"2 minut\u0117s"},"schema":{"@context":"https:\/\/schema.org","@graph":[{"@type":"WebPage","@id":"https:\/\/svyti.lt\/index.php\/guoda-butkeviciene\/","url":"https:\/\/svyti.lt\/index.php\/guoda-butkeviciene\/","name":"Guoda Butkevi\u010dien\u0117 &#8226; Odontologijos klinika &quot;\u0160vyti&quot;","isPartOf":{"@id":"https:\/\/svyti.lt\/#website"},"primaryImageOfPage":{"@id":"https:\/\/svyti.lt\/index.php\/guoda-butkeviciene\/#primaryimage"},"image":{"@id":"https:\/\/svyti.lt\/index.php\/guoda-butkeviciene\/#primaryimage"},"thumbnailUrl":"http:\/\/svyti.lt\/wp-content\/uploads\/2020\/04\/Asmeninis-Guoda-scaled.jpg","datePublished":"2020-04-02T16:05:52+00:00","dateModified":"2020-04-16T18:00:48+00:00","description":"Odontolog\u0117, ortodont\u0117, dentalines bei skeletines s\u0105kand\u017eio ir dant\u0173 pad\u0117ties anomalij\u0173 gydymas. Pagalbinis gydym\u0105 prie\u0161 implantacij\u0105 ir protezavim\u0105.","breadcrumb":{"@id":"https:\/\/svyti.lt\/index.php\/guoda-butkeviciene\/#breadcrumb"},"inLanguage":"lt-LT","potentialAction":[{"@type":"ReadAction","target":["https:\/\/svyti.lt\/index.php\/guoda-butkeviciene\/"]}]},{"@type":"ImageObject","inLanguage":"lt-LT","@id":"https:\/\/svyti.lt\/index.php\/guoda-butkeviciene\/#primaryimage","url":"http:\/\/svyti.lt\/wp-content\/uploads\/2020\/04\/Asmeninis-Guoda-scaled.jpg","contentUrl":"http:\/\/svyti.lt\/wp-content\/uploads\/2020\/04\/Asmeninis-Guoda-scaled.jpg"},{"@type":"BreadcrumbList","@id":"https:\/\/svyti.lt\/index.php\/guoda-butkeviciene\/#breadcrumb","itemListElement":[{"@type":"ListItem","position":1,"name":"Home","item":"https:\/\/svyti.lt\/"},{"@type":"ListItem","position":2,"name":"Guoda Butkevi\u010dien\u0117"}]},{"@type":"WebSite","@id":"https:\/\/svyti.lt\/#website","url":"https:\/\/svyti.lt\/","name":"Odontologijos klinika","description":"Odontologijos klinika Klaip\u0117doje","publisher":{"@id":"https:\/\/svyti.lt\/#organization"},"potentialAction":[{"@type":"SearchAction","target":{"@type":"EntryPoint","urlTemplate":"https:\/\/svyti.lt\/?s={search_term_string}"},"query-input":"required name=search_term_string"}],"inLanguage":"lt-LT"},{"@type":"Organization","@id":"https:\/\/svyti.lt\/#organization","name":"\u0160vyti, UAB","url":"https:\/\/svyti.lt\/","logo":{"@type":"ImageObject","inLanguage":"lt-LT","@id":"https:\/\/svyti.lt\/#\/schema\/logo\/image\/","url":"http:\/\/svyti.lt\/wp-content\/uploads\/2020\/04\/SVYTI-logo600x600.jpg","contentUrl":"http:\/\/svyti.lt\/wp-content\/uploads\/2020\/04\/SVYTI-logo600x600.jpg","width":600,"height":600,"caption":"\u0160vyti, UAB"},"image":{"@id":"https:\/\/svyti.lt\/#\/schema\/logo\/image\/"},"sameAs":["https:\/\/www.facebook.com\/SVYTIKLINIKA\/"]}]}},"_links":{"self":[{"href":"https:\/\/svyti.lt\/index.php\/wp-json\/wp\/v2\/pages\/156"}],"collection":[{"href":"https:\/\/svyti.lt\/index.php\/wp-json\/wp\/v2\/pages"}],"about":[{"href":"https:\/\/svyti.lt\/index.php\/wp-json\/wp\/v2\/types\/page"}],"author":[{"embeddable":true,"href":"https:\/\/svyti.lt\/index.php\/wp-json\/wp\/v2\/users\/1"}],"replies":[{"embeddable":true,"href":"https:\/\/svyti.lt\/index.php\/wp-json\/wp\/v2\/comments?post=156"}],"version-history":[{"count":27,"href":"https:\/\/svyti.lt\/index.php\/wp-json\/wp\/v2\/pages\/156\/revisions"}],"predecessor-version":[{"id":649,"href":"https:\/\/svyti.lt\/index.php\/wp-json\/wp\/v2\/pages\/156\/revisions\/649"}],"wp:attachment":[{"href":"https:\/\/svyti.lt\/index.php\/wp-json\/wp\/v2\/media?parent=156"}],"curies":[{"name":"wp","href":"https:\/\/api.w.org\/{rel}","templated":true}]}}